{"id":643,"date":"2022-06-19T18:20:59","date_gmt":"2022-06-19T18:20:59","guid":{"rendered":"https:\/\/www.travelharry.click\/imprint\/"},"modified":"2022-10-11T18:04:01","modified_gmt":"2022-10-11T18:04:01","slug":"imprint","status":"publish","type":"page","link":"https:\/\/www.travelharry.click\/en\/imprint\/","title":{"rendered":"Imprint"},"content":{"rendered":"\n<p>travelharry.click is a trademark of the following company:<\/p>\n\n<p> Mag. Harry Sch\u00fctz, ATU64586344<\/p>\n\n<p>Alfred K\u00fcffel Gasse 13<\/p>\n\n<p>8680 M\u00fcrzzuschlag <\/p>\n\n<p>Austria<\/p>\n\n<p>Mail: info@travelharry.click<\/p>\n\n<p>Tel: +43\/676\/5694675<\/p>\n\n<div style=\"height:46px\" aria-hidden=\"true\" class=\"wp-block-spacer\"><\/div>\n\n<p>Offenlegungspflicht lt. Mediengesetz \u00a725 Abs. 2, 3, 4 MedienG:<\/p>\n\n<p>Blattlinie: Informationen \u00fcber (Reise-) Destinationen, sowie Vorstellung und Verk\u00fcndung von Leistungen von Drittanbietern.<\/p>\n\n<div style=\"height:20px\" aria-hidden=\"true\" class=\"wp-block-spacer\"><\/div>\n","protected":false},"excerpt":{"rendered":"<p>travelharry.click is a trademark of the following company: Mag. Harry Sch\u00fctz, ATU64586344 Alfred K\u00fcffel Gasse 13 8680 M\u00fcrzzuschlag Austria Mail: info@travelharry.click Tel: +43\/676\/5694675 Offenlegungspflicht lt. Mediengesetz \u00a725 Abs. 2, 3, 4 MedienG: Blattlinie: Informationen \u00fcber (Reise-) Destinationen, sowie Vorstellung und Verk\u00fcndung von Leistungen von Drittanbietern.<\/p>\n","protected":false},"author":1,"featured_media":0,"parent":0,"menu_order":0,"comment_status":"closed","ping_status":"closed","template":"page.php","meta":{"ub_ctt_via":""},"acf":[],"featured_image_src":null,"_links":{"self":[{"href":"https:\/\/www.travelharry.click\/en\/wp-json\/wp\/v2\/pages\/643"}],"collection":[{"href":"https:\/\/www.travelharry.click\/en\/wp-json\/wp\/v2\/pages"}],"about":[{"href":"https:\/\/www.travelharry.click\/en\/wp-json\/wp\/v2\/types\/page"}],"author":[{"embeddable":true,"href":"https:\/\/www.travelharry.click\/en\/wp-json\/wp\/v2\/users\/1"}],"replies":[{"embeddable":true,"href":"https:\/\/www.travelharry.click\/en\/wp-json\/wp\/v2\/comments?post=643"}],"version-history":[{"count":4,"href":"https:\/\/www.travelharry.click\/en\/wp-json\/wp\/v2\/pages\/643\/revisions"}],"predecessor-version":[{"id":988,"href":"https:\/\/www.travelharry.click\/en\/wp-json\/wp\/v2\/pages\/643\/revisions\/988"}],"wp:attachment":[{"href":"https:\/\/www.travelharry.click\/en\/wp-json\/wp\/v2\/media?parent=643"}],"curies":[{"name":"wp","href":"https:\/\/api.w.org\/{rel}","templated":true}]}}